{"id":989343,"date":"2025-11-26T15:23:06","date_gmt":"2025-11-26T15:23:06","guid":{"rendered":"https:\/\/dbsmorocco.com\/new\/?page_id=989343"},"modified":"2025-11-26T16:58:01","modified_gmt":"2025-11-26T16:58:01","slug":"housing-real-estate-acquisition","status":"publish","type":"page","link":"https:\/\/dbsmorocco.com\/fr\/services\/housing-real-estate-acquisition\/","title":{"rendered":"Schooling &#038; Education Guidance &#038; Personal activities"},"content":{"rendered":"<div data-elementor-type=\"wp-page\" data-elementor-id=\"989343\" class=\"elementor elementor-989343\" data-elementor-post-type=\"page\">\n\t\t\t\t\t\t<section class=\"elementor-section elementor-top-section elementor-element elementor-element-8053d0c elementor-section-boxed elementor-section-height-default elementor-section-height-default\" data-id=\"8053d0c\" data-element_type=\"section\" data-settings=\"{&quot;background_background&quot;:&quot;classic&quot;,&quot;background_motion_fx_motion_fx_scrolling&quot;:&quot;yes&quot;,&quot;background_motion_fx_translateY_effect&quot;:&quot;yes&quot;,&quot;background_motion_fx_translateY_speed&quot;:{&quot;unit&quot;:&quot;px&quot;,&quot;size&quot;:2,&quot;sizes&quot;:[]},&quot;background_motion_fx_devices&quot;:[&quot;desktop&quot;],&quot;background_motion_fx_translateY_affectedRange&quot;:{&quot;unit&quot;:&quot;%&quot;,&quot;size&quot;:&quot;&quot;,&quot;sizes&quot;:{&quot;start&quot;:0,&quot;end&quot;:100}}}\">\n\t\t\t\t\t\t\t<div class=\"elementor-background-overlay\"><\/div>\n\t\t\t\t\t\t\t<div class=\"elementor-container elementor-column-gap-no\">\n\t\t\t\t\t<div class=\"elementor-column elementor-col-100 elementor-top-column elementor-element elementor-element-5430a27\" data-id=\"5430a27\" data-element_type=\"column\">\n\t\t\t<div class=\"elementor-widget-wrap elementor-element-populated\">\n\t\t\t\t\t\t<div class=\"elementor-element elementor-element-c743022 elementor-widget elementor-widget-spacer\" data-id=\"c743022\" data-element_type=\"widget\" data-widget_type=\"spacer.default\">\n\t\t\t\t<div class=\"elementor-widget-container\">\n\t\t\t\t\t\t\t<div class=\"elementor-spacer\">\n\t\t\t<div class=\"elementor-spacer-inner\"><\/div>\n\t\t<\/div>\n\t\t\t\t\t\t<\/div>\n\t\t\t\t<\/div>\n\t\t\t\t<div class=\"elementor-element elementor-element-66914e2 elementor-widget__width-initial elementor-widget elementor-widget-heading\" data-id=\"66914e2\" data-element_type=\"widget\" data-widget_type=\"heading.default\">\n\t\t\t\t<div class=\"elementor-widget-container\">\n\t\t\t\t\t<h2 class=\"elementor-heading-title elementor-size-default\"><span style=\"font-size: 60px\">Schooling &amp; Education Guidance &amp; Personal activities<\/span><\/h2>\t\t\t\t<\/div>\n\t\t\t\t<\/div>\n\t\t\t\t<div class=\"elementor-element elementor-element-271309e animated-slow elementor-invisible elementor-widget elementor-widget-theme-post-excerpt\" data-id=\"271309e\" data-element_type=\"widget\" data-settings=\"{&quot;_animation&quot;:&quot;fadeIn&quot;,&quot;_animation_tablet&quot;:&quot;none&quot;,&quot;_animation_delay&quot;:300}\" data-widget_type=\"theme-post-excerpt.default\">\n\t\t\t\t<div class=\"elementor-widget-container\">\n\t\t\t\t\tAt DBS Morocco, we understand that a successful transition goes beyond business setup. Our\nRelocation &amp; Lifestyle Services ensure you and your family feel at home in Morocco from day one.\nWe handle the details so you can focus on what matters most.\t\t\t\t<\/div>\n\t\t\t\t<\/div>\n\t\t\t\t<div class=\"vamtam-has-theme-widget-styles elementor-element elementor-element-ded25f3 elementor-widget elementor-widget-button\" data-id=\"ded25f3\" data-element_type=\"widget\" data-widget_type=\"button.default\">\n\t\t\t\t<div class=\"elementor-widget-container\">\n\t\t\t\t\t\t\t\t\t<div class=\"elementor-button-wrapper\">\n\t\t\t\t\t<a class=\"elementor-button elementor-button-link elementor-size-sm\" href=\"#form\">\n\t\t\t\t\t\t<span class=\"elementor-button-content-wrapper\">\n\t\t\t\t\t\t\t\t\t<span class=\"elementor-button-text\">Planifiez une consultation gratuite<\/span>\n\t\t\t\t\t<\/span>\n\t\t\t\t\t<\/a>\n\t\t\t\t<\/div>\n\t\t\t\t\t\t\t\t<\/div>\n\t\t\t\t<\/div>\n\t\t\t\t<div class=\"elementor-element elementor-element-2f1dc9a elementor-widget elementor-widget-spacer\" data-id=\"2f1dc9a\" data-element_type=\"widget\" data-widget_type=\"spacer.default\">\n\t\t\t\t<div class=\"elementor-widget-container\">\n\t\t\t\t\t\t\t<div class=\"elementor-spacer\">\n\t\t\t<div class=\"elementor-spacer-inner\"><\/div>\n\t\t<\/div>\n\t\t\t\t\t\t<\/div>\n\t\t\t\t<\/div>\n\t\t\t\t\t<\/div>\n\t\t<\/div>\n\t\t\t\t\t<\/div>\n\t\t<\/section>\n\t\t\t\t<section class=\"elementor-section elementor-top-section elementor-element elementor-element-2dbbabe elementor-section-content-middle elementor-reverse-mobile elementor-section-boxed elementor-section-height-default elementor-section-height-default\" data-id=\"2dbbabe\" data-element_type=\"section\">\n\t\t\t\t\t\t<div class=\"elementor-container elementor-column-gap-no\">\n\t\t\t\t\t<div class=\"elementor-column elementor-col-50 elementor-top-column elementor-element elementor-element-f9ef1ce\" data-id=\"f9ef1ce\" data-element_type=\"column\">\n\t\t\t<div class=\"elementor-widget-wrap elementor-element-populated\">\n\t\t\t\t\t\t<div class=\"elementor-element elementor-element-981aa58 elementor-widget elementor-widget-heading\" data-id=\"981aa58\" data-element_type=\"widget\" data-widget_type=\"heading.default\">\n\t\t\t\t<div class=\"elementor-widget-container\">\n\t\t\t\t\t<h3 class=\"elementor-heading-title elementor-size-default\">Property Assistance<\/h3>\t\t\t\t<\/div>\n\t\t\t\t<\/div>\n\t\t\t\t<div class=\"elementor-element elementor-element-22ada53 elementor-widget elementor-widget-text-editor\" data-id=\"22ada53\" data-element_type=\"widget\" data-widget_type=\"text-editor.default\">\n\t\t\t\t<div class=\"elementor-widget-container\">\n\t\t\t\t\t\t\t\t\t<div class=\"page\" title=\"Page 29\"><div class=\"section\"><div class=\"layoutArea\"><div class=\"column\"><div class=\"page\" title=\"Page 30\"><div class=\"section\"><div class=\"layoutArea\"><div class=\"column\"><p>L\u2019\u00e9ducation est essentielle \u00e0 une relocalisation familiale r\u00e9ussie. Nous vous aidons \u00e0 identifier les meilleures \u00e9coles pour vos enfants, afin que leur parcours d\u2019apprentissage se poursuive de mani\u00e8re fluide et sereine.<\/p><\/div><\/div><\/div><\/div><\/div><\/div><\/div><\/div>\t\t\t\t\t\t\t\t<\/div>\n\t\t\t\t<\/div>\n\t\t\t\t<section class=\"elementor-section elementor-inner-section elementor-element elementor-element-65d3e3e elementor-section-boxed elementor-section-height-default elementor-section-height-default\" data-id=\"65d3e3e\" data-element_type=\"section\">\n\t\t\t\t\t\t<div class=\"elementor-container elementor-column-gap-default\">\n\t\t\t\t\t<div class=\"elementor-column elementor-col-50 elementor-inner-column elementor-element elementor-element-4fc06cc\" data-id=\"4fc06cc\" data-element_type=\"column\">\n\t\t\t<div class=\"elementor-widget-wrap elementor-element-populated\">\n\t\t\t\t\t\t<div class=\"vamtam-has-theme-widget-styles elementor-element elementor-element-c783e14 elementor-position-left elementor-view-default elementor-mobile-position-top elementor-widget elementor-widget-icon-box\" data-id=\"c783e14\" data-element_type=\"widget\" data-widget_type=\"icon-box.default\">\n\t\t\t\t<div class=\"elementor-widget-container\">\n\t\t\t\t\t\t\t<div class=\"elementor-icon-box-wrapper\">\n\n\t\t\t\t\t\t<div class=\"elementor-icon-box-icon\">\n\t\t\t\t<span  class=\"elementor-icon\">\n\t\t\t\t<i aria-hidden=\"true\" class=\"vamtamtheme- vamtam-theme-check-box\"><\/i>\t\t\t\t<\/span>\n\t\t\t<\/div>\n\t\t\t\n\t\t\t\t\t\t<div class=\"elementor-icon-box-content\">\n\n\t\t\t\t\t\t\t\t\t<h3 class=\"elementor-icon-box-title\">\n\t\t\t\t\t\t<span  >\n\t\t\t\t\t\t\tIdentify Schools\t\t\t\t\t\t<\/span>\n\t\t\t\t\t<\/h3>\n\t\t\t\t\n\t\t\t\t\t\t\t\t\t<p class=\"elementor-icon-box-description\">\n\t\t\t\t\t\tResearch and select top international and local schools.\t\t\t\t\t<\/p>\n\t\t\t\t\n\t\t\t<\/div>\n\t\t\t\n\t\t<\/div>\n\t\t\t\t\t\t<\/div>\n\t\t\t\t<\/div>\n\t\t\t\t<div class=\"vamtam-has-theme-widget-styles elementor-element elementor-element-13c033d elementor-position-left elementor-view-default elementor-mobile-position-top elementor-widget elementor-widget-icon-box\" data-id=\"13c033d\" data-element_type=\"widget\" data-widget_type=\"icon-box.default\">\n\t\t\t\t<div class=\"elementor-widget-container\">\n\t\t\t\t\t\t\t<div class=\"elementor-icon-box-wrapper\">\n\n\t\t\t\t\t\t<div class=\"elementor-icon-box-icon\">\n\t\t\t\t<span  class=\"elementor-icon\">\n\t\t\t\t<i aria-hidden=\"true\" class=\"vamtamtheme- vamtam-theme-check-box\"><\/i>\t\t\t\t<\/span>\n\t\t\t<\/div>\n\t\t\t\n\t\t\t\t\t\t<div class=\"elementor-icon-box-content\">\n\n\t\t\t\t\t\t\t\t\t<h3 class=\"elementor-icon-box-title\">\n\t\t\t\t\t\t<span  >\n\t\t\t\t\t\t\tEnrollment Assistance\t\t\t\t\t\t<\/span>\n\t\t\t\t\t<\/h3>\n\t\t\t\t\n\t\t\t\t\t\t\t\t\t<p class=\"elementor-icon-box-description\">\n\t\t\t\t\t\tGuide throughenrollment procedures and requirements.\t\t\t\t\t<\/p>\n\t\t\t\t\n\t\t\t<\/div>\n\t\t\t\n\t\t<\/div>\n\t\t\t\t\t\t<\/div>\n\t\t\t\t<\/div>\n\t\t\t\t\t<\/div>\n\t\t<\/div>\n\t\t\t\t<div class=\"elementor-column elementor-col-50 elementor-inner-column elementor-element elementor-element-d02765d\" data-id=\"d02765d\" data-element_type=\"column\">\n\t\t\t<div class=\"elementor-widget-wrap elementor-element-populated\">\n\t\t\t\t\t\t<div class=\"vamtam-has-theme-widget-styles elementor-element elementor-element-7245bd9 elementor-position-left elementor-view-default elementor-mobile-position-top elementor-widget elementor-widget-icon-box\" data-id=\"7245bd9\" data-element_type=\"widget\" data-widget_type=\"icon-box.default\">\n\t\t\t\t<div class=\"elementor-widget-container\">\n\t\t\t\t\t\t\t<div class=\"elementor-icon-box-wrapper\">\n\n\t\t\t\t\t\t<div class=\"elementor-icon-box-icon\">\n\t\t\t\t<span  class=\"elementor-icon\">\n\t\t\t\t<i aria-hidden=\"true\" class=\"vamtamtheme- vamtam-theme-check-box\"><\/i>\t\t\t\t<\/span>\n\t\t\t<\/div>\n\t\t\t\n\t\t\t\t\t\t<div class=\"elementor-icon-box-content\">\n\n\t\t\t\t\t\t\t\t\t<h3 class=\"elementor-icon-box-title\">\n\t\t\t\t\t\t<span  >\n\t\t\t\t\t\t\tApplication Support\t\t\t\t\t\t<\/span>\n\t\t\t\t\t<\/h3>\n\t\t\t\t\n\t\t\t\t\t\t\t\t\t<p class=\"elementor-icon-box-description\">\n\t\t\t\t\t\tAssist with application processes and documentation.\t\t\t\t\t<\/p>\n\t\t\t\t\n\t\t\t<\/div>\n\t\t\t\n\t\t<\/div>\n\t\t\t\t\t\t<\/div>\n\t\t\t\t<\/div>\n\t\t\t\t<div class=\"vamtam-has-theme-widget-styles elementor-element elementor-element-997511a elementor-position-left elementor-view-default elementor-mobile-position-top elementor-widget elementor-widget-icon-box\" data-id=\"997511a\" data-element_type=\"widget\" data-widget_type=\"icon-box.default\">\n\t\t\t\t<div class=\"elementor-widget-container\">\n\t\t\t\t\t\t\t<div class=\"elementor-icon-box-wrapper\">\n\n\t\t\t\t\t\t<div class=\"elementor-icon-box-icon\">\n\t\t\t\t<span  class=\"elementor-icon\">\n\t\t\t\t<i aria-hidden=\"true\" class=\"vamtamtheme- vamtam-theme-check-box\"><\/i>\t\t\t\t<\/span>\n\t\t\t<\/div>\n\t\t\t\n\t\t\t\t\t\t<div class=\"elementor-icon-box-content\">\n\n\t\t\t\t\t\t\t\t\t<h3 class=\"elementor-icon-box-title\">\n\t\t\t\t\t\t<span  >\n\t\t\t\t\t\t\tAcademic Integration\t\t\t\t\t\t<\/span>\n\t\t\t\t\t<\/h3>\n\t\t\t\t\n\t\t\t\t\t\t\t\t\t<p class=\"elementor-icon-box-description\">\n\t\t\t\t\t\tSupport students in adapting to their new academic environment.\t\t\t\t\t<\/p>\n\t\t\t\t\n\t\t\t<\/div>\n\t\t\t\n\t\t<\/div>\n\t\t\t\t\t\t<\/div>\n\t\t\t\t<\/div>\n\t\t\t\t\t<\/div>\n\t\t<\/div>\n\t\t\t\t\t<\/div>\n\t\t<\/section>\n\t\t\t\t\t<\/div>\n\t\t<\/div>\n\t\t\t\t<div class=\"elementor-column elementor-col-50 elementor-top-column elementor-element elementor-element-eb47bab\" data-id=\"eb47bab\" data-element_type=\"column\" data-settings=\"{&quot;background_background&quot;:&quot;classic&quot;}\">\n\t\t\t<div class=\"elementor-widget-wrap elementor-element-populated\">\n\t\t\t\t\t<div class=\"elementor-background-overlay\"><\/div>\n\t\t\t\t\t\t<div class=\"elementor-element elementor-element-41950cc elementor-widget elementor-widget-spacer\" data-id=\"41950cc\" data-element_type=\"widget\" data-widget_type=\"spacer.default\">\n\t\t\t\t<div class=\"elementor-widget-container\">\n\t\t\t\t\t\t\t<div class=\"elementor-spacer\">\n\t\t\t<div class=\"elementor-spacer-inner\"><\/div>\n\t\t<\/div>\n\t\t\t\t\t\t<\/div>\n\t\t\t\t<\/div>\n\t\t\t\t\t<\/div>\n\t\t<\/div>\n\t\t\t\t\t<\/div>\n\t\t<\/section>\n\t\t\t\t<\/div>","protected":false},"excerpt":{"rendered":"<p>At DBS Morocco, we understand that a successful transition goes beyond business setup. Our<br \/>\nRelocation &#038; Lifestyle Services ensure you and your family feel at home in Morocco from day one.<br \/>\nWe handle the details so you can focus on what matters most.<\/p>","protected":false},"author":1,"featured_media":0,"parent":465,"menu_order":0,"comment_status":"closed","ping_status":"closed","template":"","meta":{"iawp_total_views":3,"footnotes":""},"class_list":["post-989343","page","type-page","status-publish","hentry"],"yoast_head":"<!-- This site is optimized with the Yoast SEO Premium plugin v26.9 (Yoast SEO v26.6) - https:\/\/yoast.com\/wordpress\/plugins\/seo\/ -->\n<title>Schooling &amp; Education Guidance &amp; Personal activities - dbsmorocco<\/title>\n<meta name=\"robots\" content=\"index, follow, max-snippet:-1, max-image-preview:large, max-video-preview:-1\" \/>\n<link rel=\"canonical\" href=\"https:\/\/dbsmorocco.com\/fr\/services\/housing-real-estate-acquisition\/\" \/>\n<meta property=\"og:locale\" content=\"fr_FR\" \/>\n<meta property=\"og:type\" content=\"article\" \/>\n<meta property=\"og:title\" content=\"Schooling &amp; Education Guidance &amp; Personal activities - dbsmorocco\" \/>\n<meta property=\"og:description\" content=\"At DBS Morocco, we understand that a successful transition goes beyond business setup. Our Relocation &amp; Lifestyle Services ensure you and your family feel at home in Morocco from day one. We handle the details so you can focus on what matters most.\" \/>\n<meta property=\"og:url\" content=\"https:\/\/dbsmorocco.com\/fr\/services\/housing-real-estate-acquisition\/\" \/>\n<meta property=\"og:site_name\" content=\"dbsmorocco\" \/>\n<meta property=\"article:modified_time\" content=\"2025-11-26T16:58:01+00:00\" \/>\n<meta name=\"twitter:card\" content=\"summary_large_image\" \/>\n<script type=\"application\/ld+json\" class=\"yoast-schema-graph\">{\"@context\":\"https:\/\/schema.org\",\"@graph\":[{\"@type\":\"WebPage\",\"@id\":\"https:\/\/dbsmorocco.com\/services\/housing-real-estate-acquisition\/\",\"url\":\"https:\/\/dbsmorocco.com\/services\/housing-real-estate-acquisition\/\",\"name\":\"Schooling & Education Guidance & Personal activities - dbsmorocco\",\"isPartOf\":{\"@id\":\"https:\/\/dbsmorocco.com\/#website\"},\"datePublished\":\"2025-11-26T15:23:06+00:00\",\"dateModified\":\"2025-11-26T16:58:01+00:00\",\"breadcrumb\":{\"@id\":\"https:\/\/dbsmorocco.com\/services\/housing-real-estate-acquisition\/#breadcrumb\"},\"inLanguage\":\"fr-FR\",\"potentialAction\":[{\"@type\":\"ReadAction\",\"target\":[\"https:\/\/dbsmorocco.com\/services\/housing-real-estate-acquisition\/\"]}]},{\"@type\":\"BreadcrumbList\",\"@id\":\"https:\/\/dbsmorocco.com\/services\/housing-real-estate-acquisition\/#breadcrumb\",\"itemListElement\":[{\"@type\":\"ListItem\",\"position\":1,\"name\":\"Home\",\"item\":\"https:\/\/dbsmorocco.com\/\"},{\"@type\":\"ListItem\",\"position\":2,\"name\":\"Our Services\",\"item\":\"https:\/\/dbsmorocco.com\/services\/\"},{\"@type\":\"ListItem\",\"position\":3,\"name\":\"Schooling &#038; Education Guidance &#038; Personal activities\"}]},{\"@type\":\"WebSite\",\"@id\":\"https:\/\/dbsmorocco.com\/#website\",\"url\":\"https:\/\/dbsmorocco.com\/\",\"name\":\"dbsmorocco\",\"description\":\"DOING BUSINESS STRATEGIES\",\"publisher\":{\"@id\":\"https:\/\/dbsmorocco.com\/#organization\"},\"potentialAction\":[{\"@type\":\"SearchAction\",\"target\":{\"@type\":\"EntryPoint\",\"urlTemplate\":\"https:\/\/dbsmorocco.com\/?s={search_term_string}\"},\"query-input\":{\"@type\":\"PropertyValueSpecification\",\"valueRequired\":true,\"valueName\":\"search_term_string\"}}],\"inLanguage\":\"fr-FR\"},{\"@type\":\"Organization\",\"@id\":\"https:\/\/dbsmorocco.com\/#organization\",\"name\":\"dbsmorocco\",\"url\":\"https:\/\/dbsmorocco.com\/\",\"logo\":{\"@type\":\"ImageObject\",\"inLanguage\":\"fr-FR\",\"@id\":\"https:\/\/dbsmorocco.com\/#\/schema\/logo\/image\/\",\"url\":\"https:\/\/dbsmorocco.com\/wp-content\/uploads\/2023\/03\/dbs-logo-5-1-1.png\",\"contentUrl\":\"https:\/\/dbsmorocco.com\/wp-content\/uploads\/2023\/03\/dbs-logo-5-1-1.png\",\"width\":865,\"height\":247,\"caption\":\"dbsmorocco\"},\"image\":{\"@id\":\"https:\/\/dbsmorocco.com\/#\/schema\/logo\/image\/\"}}]}<\/script>\n<!-- \/ Yoast SEO Premium plugin. -->","yoast_head_json":{"title":"Schooling & Education Guidance & Personal activities - dbsmorocco","robots":{"index":"index","follow":"follow","max-snippet":"max-snippet:-1","max-image-preview":"max-image-preview:large","max-video-preview":"max-video-preview:-1"},"canonical":"https:\/\/dbsmorocco.com\/fr\/services\/housing-real-estate-acquisition\/","og_locale":"fr_FR","og_type":"article","og_title":"Schooling & Education Guidance & Personal activities - dbsmorocco","og_description":"At DBS Morocco, we understand that a successful transition goes beyond business setup. Our Relocation & Lifestyle Services ensure you and your family feel at home in Morocco from day one. We handle the details so you can focus on what matters most.","og_url":"https:\/\/dbsmorocco.com\/fr\/services\/housing-real-estate-acquisition\/","og_site_name":"dbsmorocco","article_modified_time":"2025-11-26T16:58:01+00:00","twitter_card":"summary_large_image","schema":{"@context":"https:\/\/schema.org","@graph":[{"@type":"WebPage","@id":"https:\/\/dbsmorocco.com\/services\/housing-real-estate-acquisition\/","url":"https:\/\/dbsmorocco.com\/services\/housing-real-estate-acquisition\/","name":"Schooling & Education Guidance & Personal activities - dbsmorocco","isPartOf":{"@id":"https:\/\/dbsmorocco.com\/#website"},"datePublished":"2025-11-26T15:23:06+00:00","dateModified":"2025-11-26T16:58:01+00:00","breadcrumb":{"@id":"https:\/\/dbsmorocco.com\/services\/housing-real-estate-acquisition\/#breadcrumb"},"inLanguage":"fr-FR","potentialAction":[{"@type":"ReadAction","target":["https:\/\/dbsmorocco.com\/services\/housing-real-estate-acquisition\/"]}]},{"@type":"BreadcrumbList","@id":"https:\/\/dbsmorocco.com\/services\/housing-real-estate-acquisition\/#breadcrumb","itemListElement":[{"@type":"ListItem","position":1,"name":"Home","item":"https:\/\/dbsmorocco.com\/"},{"@type":"ListItem","position":2,"name":"Our Services","item":"https:\/\/dbsmorocco.com\/services\/"},{"@type":"ListItem","position":3,"name":"Schooling &#038; Education Guidance &#038; Personal activities"}]},{"@type":"WebSite","@id":"https:\/\/dbsmorocco.com\/#website","url":"https:\/\/dbsmorocco.com\/","name":"dbsmorocco","description":"DOING BUSINESS STRATEGIES","publisher":{"@id":"https:\/\/dbsmorocco.com\/#organization"},"potentialAction":[{"@type":"SearchAction","target":{"@type":"EntryPoint","urlTemplate":"https:\/\/dbsmorocco.com\/?s={search_term_string}"},"query-input":{"@type":"PropertyValueSpecification","valueRequired":true,"valueName":"search_term_string"}}],"inLanguage":"fr-FR"},{"@type":"Organization","@id":"https:\/\/dbsmorocco.com\/#organization","name":"dbsmorocco","url":"https:\/\/dbsmorocco.com\/","logo":{"@type":"ImageObject","inLanguage":"fr-FR","@id":"https:\/\/dbsmorocco.com\/#\/schema\/logo\/image\/","url":"https:\/\/dbsmorocco.com\/wp-content\/uploads\/2023\/03\/dbs-logo-5-1-1.png","contentUrl":"https:\/\/dbsmorocco.com\/wp-content\/uploads\/2023\/03\/dbs-logo-5-1-1.png","width":865,"height":247,"caption":"dbsmorocco"},"image":{"@id":"https:\/\/dbsmorocco.com\/#\/schema\/logo\/image\/"}}]}},"_links":{"self":[{"href":"https:\/\/dbsmorocco.com\/fr\/wp-json\/wp\/v2\/pages\/989343","targetHints":{"allow":["GET"]}}],"collection":[{"href":"https:\/\/dbsmorocco.com\/fr\/wp-json\/wp\/v2\/pages"}],"about":[{"href":"https:\/\/dbsmorocco.com\/fr\/wp-json\/wp\/v2\/types\/page"}],"author":[{"embeddable":true,"href":"https:\/\/dbsmorocco.com\/fr\/wp-json\/wp\/v2\/users\/1"}],"replies":[{"embeddable":true,"href":"https:\/\/dbsmorocco.com\/fr\/wp-json\/wp\/v2\/comments?post=989343"}],"version-history":[{"count":6,"href":"https:\/\/dbsmorocco.com\/fr\/wp-json\/wp\/v2\/pages\/989343\/revisions"}],"predecessor-version":[{"id":989350,"href":"https:\/\/dbsmorocco.com\/fr\/wp-json\/wp\/v2\/pages\/989343\/revisions\/989350"}],"up":[{"embeddable":true,"href":"https:\/\/dbsmorocco.com\/fr\/wp-json\/wp\/v2\/pages\/465"}],"wp:attachment":[{"href":"https:\/\/dbsmorocco.com\/fr\/wp-json\/wp\/v2\/media?parent=989343"}],"curies":[{"name":"wp","href":"https:\/\/api.w.org\/{rel}","templated":true}]}}