{"id":987878,"date":"2025-10-27T20:44:52","date_gmt":"2025-10-27T20:44:52","guid":{"rendered":"https:\/\/dbsmorocco.com\/new\/?page_id=987878"},"modified":"2026-02-23T11:45:11","modified_gmt":"2026-02-23T11:45:11","slug":"construction-architectural-supervision-and-monitoring","status":"publish","type":"page","link":"https:\/\/dbsmorocco.com\/fr\/services\/construction-architectural-supervision-and-monitoring\/","title":{"rendered":"Supervision &amp; Suivi de construction et architecture"},"content":{"rendered":"<div class=\"vgblk-rw-wrapper limit-wrapper\">Services related to FDI Morocco company formation Morocco immobilier investissement Maroc<\/p>\n<h2>Construction &amp; Architectural Supervision and monitoring related to FDI Morocco<\/h2>\n<p><a href=\"https:\/\/dbsmorocco.com\/fr\/contact\/\"><br \/>\nSchedule a Free Consultation for FDI Morocco<br \/>\n<\/a><\/p>\n<h3>B\u00e2tir l\u2019excellence gr\u00e2ce \u00e0 une supervision professionnelle<\/h3>\n<p>At<a href=\"https:\/\/www.instagram.com\/dbsmorocco?igsh=MTFtcXFnZ3E1ZGxxZw==\"> DBS Morocco<\/a>, we oversee your construction and renovation projects from start to finish, ensuring they are completed on time, within budget, and to the highest quality standards. Our expert partners, including architects and civil engineers, provide guidance and monitoring at every stage.<\/p>\n<h3>Gestion de projet de construction<\/h3>\n<p>Nous offrons une supervision compl\u00e8te de vos chantiers, coordonnant toutes les activit\u00e9s et parties prenantes pour garantir une ex\u00e9cution fluide et des r\u00e9sultats de haute qualit\u00e9.<\/p>\n<h3>Respect du budget<\/h3>\n<p>Nous g\u00e9rons efficacement les co\u00fbts du projet, suivons les d\u00e9penses et \u00e9vitons les d\u00e9passements, pour que votre investissement soit utilis\u00e9 de mani\u00e8re optimale et rentable.<\/p>\n<h3>Respect des d\u00e9lais<\/h3>\n<p>Nous assurons un suivi proactif et une gestion rigoureuse du planning, en anticipant les risques de retard et en garantissant une livraison dans les temps impartis.<\/p>\n<h3>Contr\u00f4le qualit\u00e9<\/h3>\n<p>Nous surveillons les normes de construction, les mat\u00e9riaux et la qualit\u00e9 d\u2019ex\u00e9cution pour garantir que chaque projet r\u00e9pond \u00e0 vos attentes et aux exigences r\u00e9glementaires.<\/p>\n<h3>Coordination<\/h3>\n<p>Nous facilitons la collaboration entre architectes, ing\u00e9nieurs, entrepreneurs, fournisseurs et autres parties pour assurer une communication fluide et une avanc\u00e9e harmonieuse du projet.<\/p>\n<h3>Pourquoi la supervision de chantier est-elle essentielle ?<\/h3>\n<p>Parce que des projets bien supervis\u00e9s font gagner du temps, r\u00e9duisent les co\u00fbts et livrent des r\u00e9sultats sup\u00e9rieurs \u2013 renfor\u00e7ant la r\u00e9putation de votre entreprise et son succ\u00e8s op\u00e9rationnel.<\/p>\n<p><img fetchpriority=\"high\" decoding=\"async\" src=\"https:\/\/dbsmorocco.com\/wp-content\/uploads\/2023\/03\/Shape-dots-arrow-right.svg\" alt=\"\" width=\"294\" height=\"291\" \/><\/p>\n<h2>Partenariat avec DBS Morocco pour une supervision professionnelle<\/h2>\n<p>Nous assurons une ex\u00e9cution sans faille de vos projets, en mobilisant expertise, planification avanc\u00e9e et coordination pr\u00e9cise pour une efficacit\u00e9 maximale.<\/p>\n<h3>Conformit\u00e9 r\u00e9glementaire<\/h3>\n<p>Nous veillons \u00e0 ce que toutes les activit\u00e9s de construction respectent les lois locales, les normes de s\u00e9curit\u00e9, les codes de construction et les standards r\u00e9glementaires, \u00e9vitant p\u00e9nalit\u00e9s et retards.<\/p>\n<h3>Gestion des risques<\/h3>\n<p>Nous veillons \u00e0 ce que toutes les activit\u00e9s de construction respectent les lois locales, les normes de s\u00e9curit\u00e9, les codes de construction et les standards r\u00e9glementaires, \u00e9vitant p\u00e9nalit\u00e9s et retards.<\/p>\n<h3>Reporting d\u2019avancement<\/h3>\n<p>Vous recevez des mises \u00e0 jour d\u00e9taill\u00e9es sur l\u2019\u00e9tat du projet, les jalons, les indicateurs de performance cl\u00e9s, pour une prise de d\u00e9cision inform\u00e9e.<\/p>\n<h3>V\u00e9rification des conceptions<\/h3>\n<p>Nous validons les plans architecturaux et d\u2019ing\u00e9nierie pour garantir une mise en \u0153uvre pratique, esth\u00e9tique et conforme aux meilleures pratiques.<\/p>\n<h3>Supervision des entrepreneurs<\/h3>\n<p>Nous contr\u00f4lons le travail des entrepreneurs pour maintenir la qualit\u00e9, respecter les d\u00e9lais, g\u00e9rer les \u00e9ventuels litiges et assurer une ex\u00e9cution irr\u00e9prochable.<\/p>\n<h3>Am\u00e9lioration continue<\/h3>\n<p>Apr\u00e8s chaque phase ou projet, notre \u00e9quipe fournit des retours d\u2019exp\u00e9rience et des recommandations pour affiner les processus, optimiser les futures constructions et maximiser l\u2019efficacit\u00e9.<\/p><\/div>\n<p><!-- .vgblk-rw-wrapper --><\/p>","protected":false},"excerpt":{"rendered":"<p>Garantissez l\u2019excellence de vos projets de construction avec DBS Morocco \u2014 contr\u00f4le qualit\u00e9, gestion budg\u00e9taire, coordination des parties prenantes et livraison dans les d\u00e9lais, avec un engagement total.<\/p>","protected":false},"author":1,"featured_media":0,"parent":465,"menu_order":0,"comment_status":"closed","ping_status":"closed","template":"","meta":{"iawp_total_views":18,"footnotes":""},"class_list":["post-987878","page","type-page","status-publish","hentry"],"yoast_head":"<!-- This site is optimized with the Yoast SEO Premium plugin v26.9 (Yoast SEO v26.6) - https:\/\/yoast.com\/wordpress\/plugins\/seo\/ -->\n<title>immobilier investissement Maroc company formation Morocco FDI Morocco Construction &amp; Architectural Supervision and monitoring - dbsmorocco<\/title>\n<meta name=\"description\" content=\"Start your FDI in Morocco with DBS Morocco. We handle company formation, legal procedures, and strategic guidance for seamless growth. company formation Morocco immobilier investissement Maroc\" \/>\n<meta name=\"robots\" content=\"index, follow, max-snippet:-1, max-image-preview:large, max-video-preview:-1\" \/>\n<link rel=\"canonical\" href=\"https:\/\/dbsmorocco.com\/fr\/services\/construction-architectural-supervision-and-monitoring\/\" \/>\n<meta property=\"og:locale\" content=\"fr_FR\" \/>\n<meta property=\"og:type\" content=\"article\" \/>\n<meta property=\"og:title\" content=\"immobilier investissement Maroc company formation Morocco FDI Morocco Construction &amp; Architectural Supervision and monitoring - dbsmorocco\" \/>\n<meta property=\"og:description\" content=\"Start your FDI in Morocco with DBS Morocco. We handle company formation, legal procedures, and strategic guidance for seamless growth. company formation Morocco immobilier investissement Maroc\" \/>\n<meta property=\"og:url\" content=\"https:\/\/dbsmorocco.com\/fr\/services\/construction-architectural-supervision-and-monitoring\/\" \/>\n<meta property=\"og:site_name\" content=\"dbsmorocco\" \/>\n<meta property=\"article:modified_time\" content=\"2026-02-23T11:45:11+00:00\" \/>\n<meta property=\"og:image\" content=\"https:\/\/dbsmorocco.com\/wp-content\/uploads\/2023\/03\/Shape-dots-arrow-right.svg\" \/>\n<meta name=\"twitter:card\" content=\"summary_large_image\" \/>\n<meta name=\"twitter:label1\" content=\"Dur\u00e9e de lecture estim\u00e9e\" \/>\n\t<meta name=\"twitter:data1\" content=\"2 minutes\" \/>\n<script type=\"application\/ld+json\" class=\"yoast-schema-graph\">{\"@context\":\"https:\/\/schema.org\",\"@graph\":[{\"@type\":\"WebPage\",\"@id\":\"https:\/\/dbsmorocco.com\/services\/construction-architectural-supervision-and-monitoring\/\",\"url\":\"https:\/\/dbsmorocco.com\/services\/construction-architectural-supervision-and-monitoring\/\",\"name\":\"immobilier investissement Maroc company formation Morocco FDI Morocco Construction & Architectural Supervision and monitoring - dbsmorocco\",\"isPartOf\":{\"@id\":\"https:\/\/dbsmorocco.com\/#website\"},\"primaryImageOfPage\":{\"@id\":\"https:\/\/dbsmorocco.com\/services\/construction-architectural-supervision-and-monitoring\/#primaryimage\"},\"image\":{\"@id\":\"https:\/\/dbsmorocco.com\/services\/construction-architectural-supervision-and-monitoring\/#primaryimage\"},\"thumbnailUrl\":\"https:\/\/dbsmorocco.com\/wp-content\/uploads\/2023\/03\/Shape-dots-arrow-right.svg\",\"datePublished\":\"2025-10-27T20:44:52+00:00\",\"dateModified\":\"2026-02-23T11:45:11+00:00\",\"description\":\"Start your FDI in Morocco with DBS Morocco. We handle company formation, legal procedures, and strategic guidance for seamless growth. company formation Morocco immobilier investissement Maroc\",\"breadcrumb\":{\"@id\":\"https:\/\/dbsmorocco.com\/services\/construction-architectural-supervision-and-monitoring\/#breadcrumb\"},\"inLanguage\":\"fr-FR\",\"potentialAction\":[{\"@type\":\"ReadAction\",\"target\":[\"https:\/\/dbsmorocco.com\/services\/construction-architectural-supervision-and-monitoring\/\"]}]},{\"@type\":\"ImageObject\",\"inLanguage\":\"fr-FR\",\"@id\":\"https:\/\/dbsmorocco.com\/services\/construction-architectural-supervision-and-monitoring\/#primaryimage\",\"url\":\"https:\/\/dbsmorocco.com\/wp-content\/uploads\/2023\/03\/Shape-dots-arrow-right.svg\",\"contentUrl\":\"https:\/\/dbsmorocco.com\/wp-content\/uploads\/2023\/03\/Shape-dots-arrow-right.svg\"},{\"@type\":\"BreadcrumbList\",\"@id\":\"https:\/\/dbsmorocco.com\/services\/construction-architectural-supervision-and-monitoring\/#breadcrumb\",\"itemListElement\":[{\"@type\":\"ListItem\",\"position\":1,\"name\":\"Home\",\"item\":\"https:\/\/dbsmorocco.com\/\"},{\"@type\":\"ListItem\",\"position\":2,\"name\":\"Our Services\",\"item\":\"https:\/\/dbsmorocco.com\/services\/\"},{\"@type\":\"ListItem\",\"position\":3,\"name\":\"Construction &#038; Architectural Supervision and monitoring\"}]},{\"@type\":\"WebSite\",\"@id\":\"https:\/\/dbsmorocco.com\/#website\",\"url\":\"https:\/\/dbsmorocco.com\/\",\"name\":\"dbsmorocco\",\"description\":\"DOING BUSINESS STRATEGIES\",\"publisher\":{\"@id\":\"https:\/\/dbsmorocco.com\/#organization\"},\"potentialAction\":[{\"@type\":\"SearchAction\",\"target\":{\"@type\":\"EntryPoint\",\"urlTemplate\":\"https:\/\/dbsmorocco.com\/?s={search_term_string}\"},\"query-input\":{\"@type\":\"PropertyValueSpecification\",\"valueRequired\":true,\"valueName\":\"search_term_string\"}}],\"inLanguage\":\"fr-FR\"},{\"@type\":\"Organization\",\"@id\":\"https:\/\/dbsmorocco.com\/#organization\",\"name\":\"dbsmorocco\",\"url\":\"https:\/\/dbsmorocco.com\/\",\"logo\":{\"@type\":\"ImageObject\",\"inLanguage\":\"fr-FR\",\"@id\":\"https:\/\/dbsmorocco.com\/#\/schema\/logo\/image\/\",\"url\":\"https:\/\/dbsmorocco.com\/wp-content\/uploads\/2023\/03\/dbs-logo-5-1-1.png\",\"contentUrl\":\"https:\/\/dbsmorocco.com\/wp-content\/uploads\/2023\/03\/dbs-logo-5-1-1.png\",\"width\":865,\"height\":247,\"caption\":\"dbsmorocco\"},\"image\":{\"@id\":\"https:\/\/dbsmorocco.com\/#\/schema\/logo\/image\/\"}}]}<\/script>\n<!-- \/ Yoast SEO Premium plugin. -->","yoast_head_json":{"title":"immobilier investissement Maroc company formation Morocco FDI Morocco Construction & Architectural Supervision and monitoring - dbsmorocco","description":"Start your FDI in Morocco with DBS Morocco. We handle company formation, legal procedures, and strategic guidance for seamless growth. company formation Morocco immobilier investissement Maroc","robots":{"index":"index","follow":"follow","max-snippet":"max-snippet:-1","max-image-preview":"max-image-preview:large","max-video-preview":"max-video-preview:-1"},"canonical":"https:\/\/dbsmorocco.com\/fr\/services\/construction-architectural-supervision-and-monitoring\/","og_locale":"fr_FR","og_type":"article","og_title":"immobilier investissement Maroc company formation Morocco FDI Morocco Construction & Architectural Supervision and monitoring - dbsmorocco","og_description":"Start your FDI in Morocco with DBS Morocco. We handle company formation, legal procedures, and strategic guidance for seamless growth. company formation Morocco immobilier investissement Maroc","og_url":"https:\/\/dbsmorocco.com\/fr\/services\/construction-architectural-supervision-and-monitoring\/","og_site_name":"dbsmorocco","article_modified_time":"2026-02-23T11:45:11+00:00","og_image":[{"url":"https:\/\/dbsmorocco.com\/wp-content\/uploads\/2023\/03\/Shape-dots-arrow-right.svg","type":"","width":"","height":""}],"twitter_card":"summary_large_image","twitter_misc":{"Dur\u00e9e de lecture estim\u00e9e":"2 minutes"},"schema":{"@context":"https:\/\/schema.org","@graph":[{"@type":"WebPage","@id":"https:\/\/dbsmorocco.com\/services\/construction-architectural-supervision-and-monitoring\/","url":"https:\/\/dbsmorocco.com\/services\/construction-architectural-supervision-and-monitoring\/","name":"immobilier investissement Maroc company formation Morocco FDI Morocco Construction & Architectural Supervision and monitoring - dbsmorocco","isPartOf":{"@id":"https:\/\/dbsmorocco.com\/#website"},"primaryImageOfPage":{"@id":"https:\/\/dbsmorocco.com\/services\/construction-architectural-supervision-and-monitoring\/#primaryimage"},"image":{"@id":"https:\/\/dbsmorocco.com\/services\/construction-architectural-supervision-and-monitoring\/#primaryimage"},"thumbnailUrl":"https:\/\/dbsmorocco.com\/wp-content\/uploads\/2023\/03\/Shape-dots-arrow-right.svg","datePublished":"2025-10-27T20:44:52+00:00","dateModified":"2026-02-23T11:45:11+00:00","description":"Start your FDI in Morocco with DBS Morocco. We handle company formation, legal procedures, and strategic guidance for seamless growth. company formation Morocco immobilier investissement Maroc","breadcrumb":{"@id":"https:\/\/dbsmorocco.com\/services\/construction-architectural-supervision-and-monitoring\/#breadcrumb"},"inLanguage":"fr-FR","potentialAction":[{"@type":"ReadAction","target":["https:\/\/dbsmorocco.com\/services\/construction-architectural-supervision-and-monitoring\/"]}]},{"@type":"ImageObject","inLanguage":"fr-FR","@id":"https:\/\/dbsmorocco.com\/services\/construction-architectural-supervision-and-monitoring\/#primaryimage","url":"https:\/\/dbsmorocco.com\/wp-content\/uploads\/2023\/03\/Shape-dots-arrow-right.svg","contentUrl":"https:\/\/dbsmorocco.com\/wp-content\/uploads\/2023\/03\/Shape-dots-arrow-right.svg"},{"@type":"BreadcrumbList","@id":"https:\/\/dbsmorocco.com\/services\/construction-architectural-supervision-and-monitoring\/#breadcrumb","itemListElement":[{"@type":"ListItem","position":1,"name":"Home","item":"https:\/\/dbsmorocco.com\/"},{"@type":"ListItem","position":2,"name":"Our Services","item":"https:\/\/dbsmorocco.com\/services\/"},{"@type":"ListItem","position":3,"name":"Construction &#038; Architectural Supervision and monitoring"}]},{"@type":"WebSite","@id":"https:\/\/dbsmorocco.com\/#website","url":"https:\/\/dbsmorocco.com\/","name":"dbsmorocco","description":"DOING BUSINESS STRATEGIES","publisher":{"@id":"https:\/\/dbsmorocco.com\/#organization"},"potentialAction":[{"@type":"SearchAction","target":{"@type":"EntryPoint","urlTemplate":"https:\/\/dbsmorocco.com\/?s={search_term_string}"},"query-input":{"@type":"PropertyValueSpecification","valueRequired":true,"valueName":"search_term_string"}}],"inLanguage":"fr-FR"},{"@type":"Organization","@id":"https:\/\/dbsmorocco.com\/#organization","name":"dbsmorocco","url":"https:\/\/dbsmorocco.com\/","logo":{"@type":"ImageObject","inLanguage":"fr-FR","@id":"https:\/\/dbsmorocco.com\/#\/schema\/logo\/image\/","url":"https:\/\/dbsmorocco.com\/wp-content\/uploads\/2023\/03\/dbs-logo-5-1-1.png","contentUrl":"https:\/\/dbsmorocco.com\/wp-content\/uploads\/2023\/03\/dbs-logo-5-1-1.png","width":865,"height":247,"caption":"dbsmorocco"},"image":{"@id":"https:\/\/dbsmorocco.com\/#\/schema\/logo\/image\/"}}]}},"_links":{"self":[{"href":"https:\/\/dbsmorocco.com\/fr\/wp-json\/wp\/v2\/pages\/987878","targetHints":{"allow":["GET"]}}],"collection":[{"href":"https:\/\/dbsmorocco.com\/fr\/wp-json\/wp\/v2\/pages"}],"about":[{"href":"https:\/\/dbsmorocco.com\/fr\/wp-json\/wp\/v2\/types\/page"}],"author":[{"embeddable":true,"href":"https:\/\/dbsmorocco.com\/fr\/wp-json\/wp\/v2\/users\/1"}],"replies":[{"embeddable":true,"href":"https:\/\/dbsmorocco.com\/fr\/wp-json\/wp\/v2\/comments?post=987878"}],"version-history":[{"count":19,"href":"https:\/\/dbsmorocco.com\/fr\/wp-json\/wp\/v2\/pages\/987878\/revisions"}],"predecessor-version":[{"id":989923,"href":"https:\/\/dbsmorocco.com\/fr\/wp-json\/wp\/v2\/pages\/987878\/revisions\/989923"}],"up":[{"embeddable":true,"href":"https:\/\/dbsmorocco.com\/fr\/wp-json\/wp\/v2\/pages\/465"}],"wp:attachment":[{"href":"https:\/\/dbsmorocco.com\/fr\/wp-json\/wp\/v2\/media?parent=987878"}],"curies":[{"name":"wp","href":"https:\/\/api.w.org\/{rel}","templated":true}]}}