{"id":83,"date":"2023-03-09T12:53:18","date_gmt":"2023-03-09T12:53:18","guid":{"rendered":"https:\/\/tecnologia.vamtam.com\/?page_id=83"},"modified":"2026-02-23T13:33:40","modified_gmt":"2026-02-23T13:33:40","slug":"contact-business-setup-morocco-creer-une-entreprise-maroc","status":"publish","type":"page","link":"https:\/\/dbsmorocco.com\/fr\/contact-business-setup-morocco-creer-une-entreprise-maroc\/","title":{"rendered":"Contact"},"content":{"rendered":"<div data-elementor-type=\"wp-page\" data-elementor-id=\"83\" class=\"elementor elementor-83\" data-elementor-post-type=\"page\">\n\t\t\t\t\t\t<section class=\"elementor-section elementor-top-section elementor-element elementor-element-5a5d205 elementor-section-boxed elementor-section-height-default elementor-section-height-default\" data-id=\"5a5d205\" data-element_type=\"section\">\n\t\t\t\t\t\t<div class=\"elementor-container elementor-column-gap-default\">\n\t\t\t\t\t<div class=\"elementor-column elementor-col-100 elementor-top-column elementor-element elementor-element-fbab493\" data-id=\"fbab493\" data-element_type=\"column\">\n\t\t\t<div class=\"elementor-widget-wrap elementor-element-populated\">\n\t\t\t\t\t\t<div class=\"elementor-element elementor-element-223a510 animated-slow elementor-invisible elementor-widget elementor-widget-heading\" data-id=\"223a510\" data-element_type=\"widget\" data-settings=\"{&quot;_animation&quot;:&quot;fadeIn&quot;,&quot;_animation_tablet&quot;:&quot;none&quot;}\" data-widget_type=\"heading.default\">\n\t\t\t\t<div class=\"elementor-widget-container\">\n\t\t\t\t\t<h1 class=\"elementor-heading-title elementor-size-default\">We\u2019re here to help<\/h1>\t\t\t\t<\/div>\n\t\t\t\t<\/div>\n\t\t\t\t\t<\/div>\n\t\t<\/div>\n\t\t\t\t\t<\/div>\n\t\t<\/section>\n\t\t\t\t<section class=\"elementor-section elementor-top-section elementor-element elementor-element-e59c6f9 elementor-section-content-middle elementor-section-boxed elementor-section-height-default elementor-section-height-default\" data-id=\"e59c6f9\" data-element_type=\"section\">\n\t\t\t\t\t\t<div class=\"elementor-container elementor-column-gap-no\">\n\t\t\t\t\t<div class=\"elementor-column elementor-col-33 elementor-top-column elementor-element elementor-element-e026acc\" data-id=\"e026acc\" data-element_type=\"column\">\n\t\t\t<div class=\"elementor-widget-wrap elementor-element-populated\">\n\t\t\t\t\t\t<div class=\"elementor-element elementor-element-00a8e80 elementor-widget elementor-widget-text-editor\" data-id=\"00a8e80\" data-element_type=\"widget\" data-widget_type=\"text-editor.default\">\n\t\t\t\t<div class=\"elementor-widget-container\">\n\t\t\t\t\t\t\t\t\t<p>Appelez-nous<\/p>\t\t\t\t\t\t\t\t<\/div>\n\t\t\t\t<\/div>\n\t\t\t\t<div class=\"vamtam-has-theme-widget-styles elementor-element elementor-element-1d9f19f elementor-mobile-align-center elementor-widget elementor-widget-button\" data-id=\"1d9f19f\" data-element_type=\"widget\" data-widget_type=\"button.default\">\n\t\t\t\t<div class=\"elementor-widget-container\">\n\t\t\t\t\t\t\t\t\t<div class=\"elementor-button-wrapper\">\n\t\t\t\t\t<a class=\"elementor-button elementor-button-link elementor-size-sm\" href=\"tel:18003568933\">\n\t\t\t\t\t\t<span class=\"elementor-button-content-wrapper\">\n\t\t\t\t\t\t\t\t\t<span class=\"elementor-button-text\">+212 661 068 099<\/span>\n\t\t\t\t\t<\/span>\n\t\t\t\t\t<\/a>\n\t\t\t\t<\/div>\n\t\t\t\t\t\t\t\t<\/div>\n\t\t\t\t<\/div>\n\t\t\t\t\t<\/div>\n\t\t<\/div>\n\t\t\t\t<div class=\"elementor-column elementor-col-33 elementor-top-column elementor-element elementor-element-c4d503b\" data-id=\"c4d503b\" data-element_type=\"column\">\n\t\t\t<div class=\"elementor-widget-wrap elementor-element-populated\">\n\t\t\t\t\t\t<div class=\"elementor-element elementor-element-e094f07 elementor-widget__width-auto elementor-view-default elementor-invisible elementor-widget elementor-widget-icon\" data-id=\"e094f07\" data-element_type=\"widget\" data-settings=\"{&quot;_animation&quot;:&quot;fadeInLeft&quot;,&quot;_animation_delay&quot;:300}\" data-widget_type=\"icon.default\">\n\t\t\t\t<div class=\"elementor-widget-container\">\n\t\t\t\t\t\t\t<div class=\"elementor-icon-wrapper\">\n\t\t\t<div class=\"elementor-icon\">\n\t\t\t<svg xmlns=\"http:\/\/www.w3.org\/2000\/svg\" width=\"12\" height=\"61\" viewbox=\"0 0 12 61\"><path d=\"m.37.6.95-.3 10.21 30.62L1.31 60.57l-.95-.33 10.11-29.32z\" fill=\"\" fill-rule=\"nonzero\" fill-opacity=\"\"><\/path><\/svg>\t\t\t<\/div>\n\t\t<\/div>\n\t\t\t\t\t\t<\/div>\n\t\t\t\t<\/div>\n\t\t\t\t\t<\/div>\n\t\t<\/div>\n\t\t\t\t<div class=\"elementor-column elementor-col-33 elementor-top-column elementor-element elementor-element-e20fb38\" data-id=\"e20fb38\" data-element_type=\"column\">\n\t\t\t<div class=\"elementor-widget-wrap elementor-element-populated\">\n\t\t\t\t\t\t<div class=\"elementor-element elementor-element-4201828 elementor-widget elementor-widget-text-editor\" data-id=\"4201828\" data-element_type=\"widget\" data-widget_type=\"text-editor.default\">\n\t\t\t\t<div class=\"elementor-widget-container\">\n\t\t\t\t\t\t\t\t\t<p>\u00c9crivez-nous<\/p>\t\t\t\t\t\t\t\t<\/div>\n\t\t\t\t<\/div>\n\t\t\t\t<div class=\"vamtam-has-theme-widget-styles elementor-element elementor-element-69ab459 elementor-mobile-align-center elementor-widget elementor-widget-button\" data-id=\"69ab459\" data-element_type=\"widget\" data-widget_type=\"button.default\">\n\t\t\t\t<div class=\"elementor-widget-container\">\n\t\t\t\t\t\t\t\t\t<div class=\"elementor-button-wrapper\">\n\t\t\t\t\t<a class=\"elementor-button elementor-button-link elementor-size-sm\" href=\"mailto:suport@tecnologia.com?subject=Support\">\n\t\t\t\t\t\t<span class=\"elementor-button-content-wrapper\">\n\t\t\t\t\t\t\t\t\t<span class=\"elementor-button-text\">Contact@dbsmorocco.com<\/span>\n\t\t\t\t\t<\/span>\n\t\t\t\t\t<\/a>\n\t\t\t\t<\/div>\n\t\t\t\t\t\t\t\t<\/div>\n\t\t\t\t<\/div>\n\t\t\t\t\t<\/div>\n\t\t<\/div>\n\t\t\t\t\t<\/div>\n\t\t<\/section>\n\t\t\t\t<section class=\"elementor-section elementor-top-section elementor-element elementor-element-7741ee3 elementor-section-boxed elementor-section-height-default elementor-section-height-default\" data-id=\"7741ee3\" data-element_type=\"section\">\n\t\t\t\t\t\t<div class=\"elementor-container elementor-column-gap-no\">\n\t\t\t\t\t<div class=\"elementor-column elementor-col-100 elementor-top-column elementor-element elementor-element-fa1eeb8\" data-id=\"fa1eeb8\" data-element_type=\"column\">\n\t\t\t<div class=\"elementor-widget-wrap elementor-element-populated\">\n\t\t\t\t\t\t<div class=\"vamtam-has-theme-widget-styles elementor-element elementor-element-ae3f462 elementor-align-center elementor-mobile-align-center elementor-widget elementor-widget-button\" data-id=\"ae3f462\" data-element_type=\"widget\" data-widget_type=\"button.default\">\n\t\t\t\t<div class=\"elementor-widget-container\">\n\t\t\t\t\t\t\t\t\t<div class=\"elementor-button-wrapper\">\n\t\t\t\t\t<a class=\"elementor-button elementor-button-link elementor-size-sm\" href=\"#form\" target=\"_blank\">\n\t\t\t\t\t\t<span class=\"elementor-button-content-wrapper\">\n\t\t\t\t\t\t\t\t\t<span class=\"elementor-button-text\">Planifiez une consultation gratuite<\/span>\n\t\t\t\t\t<\/span>\n\t\t\t\t\t<\/a>\n\t\t\t\t<\/div>\n\t\t\t\t\t\t\t\t<\/div>\n\t\t\t\t<\/div>\n\t\t\t\t<div class=\"elementor-element elementor-element-4863de0 elementor-widget elementor-widget-spacer\" data-id=\"4863de0\" data-element_type=\"widget\" data-widget_type=\"spacer.default\">\n\t\t\t\t<div class=\"elementor-widget-container\">\n\t\t\t\t\t\t\t<div class=\"elementor-spacer\">\n\t\t\t<div class=\"elementor-spacer-inner\"><\/div>\n\t\t<\/div>\n\t\t\t\t\t\t<\/div>\n\t\t\t\t<\/div>\n\t\t\t\t\t<\/div>\n\t\t<\/div>\n\t\t\t\t\t<\/div>\n\t\t<\/section>\n\t\t\t\t<section class=\"elementor-section elementor-top-section elementor-element elementor-element-397931f elementor-section-boxed elementor-section-height-default elementor-section-height-default\" data-id=\"397931f\" data-element_type=\"section\">\n\t\t\t\t\t\t<div class=\"elementor-container elementor-column-gap-default\">\n\t\t\t\t\t<div class=\"elementor-column elementor-col-100 elementor-top-column elementor-element elementor-element-d472305\" data-id=\"d472305\" data-element_type=\"column\" data-settings=\"{&quot;background_background&quot;:&quot;classic&quot;}\">\n\t\t\t<div class=\"elementor-widget-wrap elementor-element-populated\">\n\t\t\t\t\t\t<div class=\"elementor-element elementor-element-4acaeb4 elementor-widget elementor-widget-spacer\" data-id=\"4acaeb4\" data-element_type=\"widget\" data-widget_type=\"spacer.default\">\n\t\t\t\t<div class=\"elementor-widget-container\">\n\t\t\t\t\t\t\t<div class=\"elementor-spacer\">\n\t\t\t<div class=\"elementor-spacer-inner\"><\/div>\n\t\t<\/div>\n\t\t\t\t\t\t<\/div>\n\t\t\t\t<\/div>\n\t\t\t\t\t<\/div>\n\t\t<\/div>\n\t\t\t\t\t<\/div>\n\t\t<\/section>\n\t\t\t\t<section class=\"elementor-section elementor-top-section elementor-element elementor-element-26e26eb elementor-section-content-middle elementor-section-boxed elementor-section-height-default elementor-section-height-default\" data-id=\"26e26eb\" data-element_type=\"section\">\n\t\t\t\t\t\t<div class=\"elementor-container elementor-column-gap-no\">\n\t\t\t\t\t<div class=\"elementor-column elementor-col-50 elementor-top-column elementor-element elementor-element-b70abb1\" data-id=\"b70abb1\" data-element_type=\"column\">\n\t\t\t<div class=\"elementor-widget-wrap elementor-element-populated\">\n\t\t\t\t\t\t<div class=\"elementor-element elementor-element-eff5a0f elementor-widget elementor-widget-heading\" data-id=\"eff5a0f\" data-element_type=\"widget\" data-widget_type=\"heading.default\">\n\t\t\t\t<div class=\"elementor-widget-container\">\n\t\t\t\t\t<h2 class=\"elementor-heading-title elementor-size-default\">Nos localisations<\/h2>\t\t\t\t<\/div>\n\t\t\t\t<\/div>\n\t\t\t\t<div class=\"elementor-element elementor-element-4dd2783 elementor-widget elementor-widget-text-editor\" data-id=\"4dd2783\" data-element_type=\"widget\" data-widget_type=\"text-editor.default\">\n\t\t\t\t<div class=\"elementor-widget-container\">\n\t\t\t\t\t\t\t\t\t<p>Pr\u00eat \u00e0 transformer vos ambitions en r\u00e9alit\u00e9 ?\nLancez la discussion d\u00e8s maintenant avec nos experts.\nUne consultation sur mesure pour vos projets, parce que votre parcours de succ\u00e8s au Maroc m\u00e9rite un partenaire d'exception.\nRendez-vous \u00e0 Technopole 1, Agadir Bay, Maroc.<\/p>\t\t\t\t\t\t\t\t<\/div>\n\t\t\t\t<\/div>\n\t\t\t\t\t<\/div>\n\t\t<\/div>\n\t\t\t\t<div class=\"elementor-column elementor-col-50 elementor-top-column elementor-element elementor-element-80dad01\" data-id=\"80dad01\" data-element_type=\"column\" data-settings=\"{&quot;background_background&quot;:&quot;classic&quot;,&quot;background_motion_fx_motion_fx_scrolling&quot;:&quot;yes&quot;,&quot;background_motion_fx_translateX_effect&quot;:&quot;yes&quot;,&quot;background_motion_fx_translateX_speed&quot;:{&quot;unit&quot;:&quot;px&quot;,&quot;size&quot;:3,&quot;sizes&quot;:[]},&quot;background_motion_fx_devices&quot;:[&quot;desktop&quot;],&quot;background_motion_fx_translateX_affectedRange&quot;:{&quot;unit&quot;:&quot;%&quot;,&quot;size&quot;:&quot;&quot;,&quot;sizes&quot;:{&quot;start&quot;:0,&quot;end&quot;:100}}}\">\n\t\t\t<div class=\"elementor-widget-wrap elementor-element-populated\">\n\t\t\t\t\t\t<div class=\"elementor-element elementor-element-188471b elementor-widget elementor-widget-spacer\" data-id=\"188471b\" data-element_type=\"widget\" data-widget_type=\"spacer.default\">\n\t\t\t\t<div class=\"elementor-widget-container\">\n\t\t\t\t\t\t\t<div class=\"elementor-spacer\">\n\t\t\t<div class=\"elementor-spacer-inner\"><\/div>\n\t\t<\/div>\n\t\t\t\t\t\t<\/div>\n\t\t\t\t<\/div>\n\t\t<div class=\"elementor-element elementor-element-5616052 e-flex e-con-boxed e-con e-parent\" data-id=\"5616052\" data-element_type=\"container\">\n\t\t\t\t\t<div class=\"e-con-inner\">\n\t\t\t\t<div class=\"elementor-element elementor-element-3247743 elementor-widget elementor-widget-heading\" data-id=\"3247743\" data-element_type=\"widget\" data-widget_type=\"heading.default\">\n\t\t\t\t<div class=\"elementor-widget-container\">\n\t\t\t\t\t<h3 class=\"elementor-heading-title elementor-size-default\">Maroc<\/h3>\t\t\t\t<\/div>\n\t\t\t\t<\/div>\n\t\t\t\t<div class=\"elementor-element elementor-element-86171cd elementor-widget elementor-widget-heading\" data-id=\"86171cd\" data-element_type=\"widget\" data-widget_type=\"heading.default\">\n\t\t\t\t<div class=\"elementor-widget-container\">\n\t\t\t\t\t<h5 class=\"elementor-heading-title elementor-size-default\">Agadir<\/h5>\t\t\t\t<\/div>\n\t\t\t\t<\/div>\n\t\t\t\t<div class=\"elementor-element elementor-element-f0a09cd elementor-widget elementor-widget-text-editor\" data-id=\"f0a09cd\" data-element_type=\"widget\" data-widget_type=\"text-editor.default\">\n\t\t\t\t<div class=\"elementor-widget-container\">\n\t\t\t\t\t\t\t\t\t<p>Technopole 1 Agadir Bay Maroc<\/p>\t\t\t\t\t\t\t\t<\/div>\n\t\t\t\t<\/div>\n\t\t\t\t<div class=\"vamtam-has-theme-widget-styles elementor-element elementor-element-f28cf71 elementor-widget elementor-widget-button\" data-id=\"f28cf71\" data-element_type=\"widget\" data-widget_type=\"button.default\">\n\t\t\t\t<div class=\"elementor-widget-container\">\n\t\t\t\t\t\t\t\t\t<div class=\"elementor-button-wrapper\">\n\t\t\t\t\t<a class=\"elementor-button elementor-button-link elementor-size-sm\" href=\"tel:8175756220\">\n\t\t\t\t\t\t<span class=\"elementor-button-content-wrapper\">\n\t\t\t\t\t\t\t\t\t<span class=\"elementor-button-text\">+212 528 217 777<\/span>\n\t\t\t\t\t<\/span>\n\t\t\t\t\t<\/a>\n\t\t\t\t<\/div>\n\t\t\t\t\t\t\t\t<\/div>\n\t\t\t\t<\/div>\n\t\t\t\t\t<\/div>\n\t\t\t\t<\/div>\n\t\t\t\t\t<\/div>\n\t\t<\/div>\n\t\t\t\t\t<\/div>\n\t\t<\/section>\n\t\t\t\t<\/div>","protected":false},"excerpt":{"rendered":"<p>We\u2019re here to help Call us at: business setup Morocco cr\u00e9er une entreprise au Maroc +212 661 068 099 Email us: Contact@dbsmorocco.com Schedule a free consultation Our locations business setup Morocco automotive investment Morocco cr\u00e9er une entreprise Maroc Are you ready to unlock opportunities and bring your ambitions to life? Let\u2019s begin the conversation today&#8230;.<\/p>","protected":false},"author":1,"featured_media":6948,"parent":0,"menu_order":0,"comment_status":"closed","ping_status":"closed","template":"","meta":{"iawp_total_views":58,"footnotes":""},"class_list":["post-83","page","type-page","status-publish","has-post-thumbnail","hentry"],"yoast_head":"<!-- This site is optimized with the Yoast SEO Premium plugin v26.9 (Yoast SEO v26.6) - https:\/\/yoast.com\/wordpress\/plugins\/seo\/ -->\n<title>cr\u00e9er une entreprise Maroc Morocco business setup Morocco Contact - dbsmorocco<\/title>\n<meta name=\"description\" content=\"invest with DBS Morocco and simplify your business setup Morocco. Get expert guidance, market insights, and solutions for a successful launch cr\u00e9er une entreprise Maroc\" \/>\n<meta name=\"robots\" content=\"index, follow, max-snippet:-1, max-image-preview:large, max-video-preview:-1\" \/>\n<link rel=\"canonical\" href=\"https:\/\/dbsmorocco.com\/fr\/contact-business-setup-morocco-creer-une-entreprise-maroc\/\" \/>\n<meta property=\"og:locale\" content=\"fr_FR\" \/>\n<meta property=\"og:type\" content=\"article\" \/>\n<meta property=\"og:title\" content=\"cr\u00e9er une entreprise Maroc Morocco business setup Morocco Contact - dbsmorocco\" \/>\n<meta property=\"og:description\" content=\"invest with DBS Morocco and simplify your business setup Morocco. Get expert guidance, market insights, and solutions for a successful launch cr\u00e9er une entreprise Maroc\" \/>\n<meta property=\"og:url\" content=\"https:\/\/dbsmorocco.com\/fr\/contact-business-setup-morocco-creer-une-entreprise-maroc\/\" \/>\n<meta property=\"og:site_name\" content=\"dbsmorocco\" \/>\n<meta property=\"article:modified_time\" content=\"2026-02-23T13:33:40+00:00\" \/>\n<meta property=\"og:image\" content=\"https:\/\/dbsmorocco.com\/wp-content\/uploads\/2023\/04\/pexels-photomix-company-518244.jpg\" \/>\n\t<meta property=\"og:image:width\" content=\"2560\" \/>\n\t<meta property=\"og:image:height\" content=\"688\" \/>\n\t<meta property=\"og:image:type\" content=\"image\/jpeg\" \/>\n<meta name=\"twitter:card\" content=\"summary_large_image\" \/>\n<meta name=\"twitter:label1\" content=\"Dur\u00e9e de lecture estim\u00e9e\" \/>\n\t<meta name=\"twitter:data1\" content=\"1 minute\" \/>\n<script type=\"application\/ld+json\" class=\"yoast-schema-graph\">{\"@context\":\"https:\/\/schema.org\",\"@graph\":[{\"@type\":\"WebPage\",\"@id\":\"https:\/\/dbsmorocco.com\/contact-business-setup-morocco-creer-une-entreprise-maroc\/\",\"url\":\"https:\/\/dbsmorocco.com\/contact-business-setup-morocco-creer-une-entreprise-maroc\/\",\"name\":\"cr\u00e9er une entreprise Maroc Morocco business setup Morocco Contact - dbsmorocco\",\"isPartOf\":{\"@id\":\"https:\/\/dbsmorocco.com\/#website\"},\"primaryImageOfPage\":{\"@id\":\"https:\/\/dbsmorocco.com\/contact-business-setup-morocco-creer-une-entreprise-maroc\/#primaryimage\"},\"image\":{\"@id\":\"https:\/\/dbsmorocco.com\/contact-business-setup-morocco-creer-une-entreprise-maroc\/#primaryimage\"},\"thumbnailUrl\":\"https:\/\/dbsmorocco.com\/wp-content\/uploads\/2023\/04\/pexels-photomix-company-518244.jpg\",\"datePublished\":\"2023-03-09T12:53:18+00:00\",\"dateModified\":\"2026-02-23T13:33:40+00:00\",\"description\":\"invest with DBS Morocco and simplify your business setup Morocco. Get expert guidance, market insights, and solutions for a successful launch cr\u00e9er une entreprise Maroc\",\"breadcrumb\":{\"@id\":\"https:\/\/dbsmorocco.com\/contact-business-setup-morocco-creer-une-entreprise-maroc\/#breadcrumb\"},\"inLanguage\":\"fr-FR\",\"potentialAction\":[{\"@type\":\"ReadAction\",\"target\":[\"https:\/\/dbsmorocco.com\/contact-business-setup-morocco-creer-une-entreprise-maroc\/\"]}]},{\"@type\":\"ImageObject\",\"inLanguage\":\"fr-FR\",\"@id\":\"https:\/\/dbsmorocco.com\/contact-business-setup-morocco-creer-une-entreprise-maroc\/#primaryimage\",\"url\":\"https:\/\/dbsmorocco.com\/wp-content\/uploads\/2023\/04\/pexels-photomix-company-518244.jpg\",\"contentUrl\":\"https:\/\/dbsmorocco.com\/wp-content\/uploads\/2023\/04\/pexels-photomix-company-518244.jpg\",\"width\":2560,\"height\":688},{\"@type\":\"BreadcrumbList\",\"@id\":\"https:\/\/dbsmorocco.com\/contact-business-setup-morocco-creer-une-entreprise-maroc\/#breadcrumb\",\"itemListElement\":[{\"@type\":\"ListItem\",\"position\":1,\"name\":\"Home\",\"item\":\"https:\/\/dbsmorocco.com\/\"},{\"@type\":\"ListItem\",\"position\":2,\"name\":\"Contact\"}]},{\"@type\":\"WebSite\",\"@id\":\"https:\/\/dbsmorocco.com\/#website\",\"url\":\"https:\/\/dbsmorocco.com\/\",\"name\":\"dbsmorocco\",\"description\":\"DOING BUSINESS STRATEGIES\",\"publisher\":{\"@id\":\"https:\/\/dbsmorocco.com\/#organization\"},\"potentialAction\":[{\"@type\":\"SearchAction\",\"target\":{\"@type\":\"EntryPoint\",\"urlTemplate\":\"https:\/\/dbsmorocco.com\/?s={search_term_string}\"},\"query-input\":{\"@type\":\"PropertyValueSpecification\",\"valueRequired\":true,\"valueName\":\"search_term_string\"}}],\"inLanguage\":\"fr-FR\"},{\"@type\":\"Organization\",\"@id\":\"https:\/\/dbsmorocco.com\/#organization\",\"name\":\"dbsmorocco\",\"url\":\"https:\/\/dbsmorocco.com\/\",\"logo\":{\"@type\":\"ImageObject\",\"inLanguage\":\"fr-FR\",\"@id\":\"https:\/\/dbsmorocco.com\/#\/schema\/logo\/image\/\",\"url\":\"https:\/\/dbsmorocco.com\/wp-content\/uploads\/2023\/03\/dbs-logo-5-1-1.png\",\"contentUrl\":\"https:\/\/dbsmorocco.com\/wp-content\/uploads\/2023\/03\/dbs-logo-5-1-1.png\",\"width\":865,\"height\":247,\"caption\":\"dbsmorocco\"},\"image\":{\"@id\":\"https:\/\/dbsmorocco.com\/#\/schema\/logo\/image\/\"}}]}<\/script>\n<!-- \/ Yoast SEO Premium plugin. -->","yoast_head_json":{"title":"cr\u00e9er une entreprise Maroc Morocco business setup Morocco Contact - dbsmorocco","description":"invest with DBS Morocco and simplify your business setup Morocco. Get expert guidance, market insights, and solutions for a successful launch cr\u00e9er une entreprise Maroc","robots":{"index":"index","follow":"follow","max-snippet":"max-snippet:-1","max-image-preview":"max-image-preview:large","max-video-preview":"max-video-preview:-1"},"canonical":"https:\/\/dbsmorocco.com\/fr\/contact-business-setup-morocco-creer-une-entreprise-maroc\/","og_locale":"fr_FR","og_type":"article","og_title":"cr\u00e9er une entreprise Maroc Morocco business setup Morocco Contact - dbsmorocco","og_description":"invest with DBS Morocco and simplify your business setup Morocco. Get expert guidance, market insights, and solutions for a successful launch cr\u00e9er une entreprise Maroc","og_url":"https:\/\/dbsmorocco.com\/fr\/contact-business-setup-morocco-creer-une-entreprise-maroc\/","og_site_name":"dbsmorocco","article_modified_time":"2026-02-23T13:33:40+00:00","og_image":[{"width":2560,"height":688,"url":"https:\/\/dbsmorocco.com\/wp-content\/uploads\/2023\/04\/pexels-photomix-company-518244.jpg","type":"image\/jpeg"}],"twitter_card":"summary_large_image","twitter_misc":{"Dur\u00e9e de lecture estim\u00e9e":"1 minute"},"schema":{"@context":"https:\/\/schema.org","@graph":[{"@type":"WebPage","@id":"https:\/\/dbsmorocco.com\/contact-business-setup-morocco-creer-une-entreprise-maroc\/","url":"https:\/\/dbsmorocco.com\/contact-business-setup-morocco-creer-une-entreprise-maroc\/","name":"cr\u00e9er une entreprise Maroc Morocco business setup Morocco Contact - dbsmorocco","isPartOf":{"@id":"https:\/\/dbsmorocco.com\/#website"},"primaryImageOfPage":{"@id":"https:\/\/dbsmorocco.com\/contact-business-setup-morocco-creer-une-entreprise-maroc\/#primaryimage"},"image":{"@id":"https:\/\/dbsmorocco.com\/contact-business-setup-morocco-creer-une-entreprise-maroc\/#primaryimage"},"thumbnailUrl":"https:\/\/dbsmorocco.com\/wp-content\/uploads\/2023\/04\/pexels-photomix-company-518244.jpg","datePublished":"2023-03-09T12:53:18+00:00","dateModified":"2026-02-23T13:33:40+00:00","description":"invest with DBS Morocco and simplify your business setup Morocco. Get expert guidance, market insights, and solutions for a successful launch cr\u00e9er une entreprise Maroc","breadcrumb":{"@id":"https:\/\/dbsmorocco.com\/contact-business-setup-morocco-creer-une-entreprise-maroc\/#breadcrumb"},"inLanguage":"fr-FR","potentialAction":[{"@type":"ReadAction","target":["https:\/\/dbsmorocco.com\/contact-business-setup-morocco-creer-une-entreprise-maroc\/"]}]},{"@type":"ImageObject","inLanguage":"fr-FR","@id":"https:\/\/dbsmorocco.com\/contact-business-setup-morocco-creer-une-entreprise-maroc\/#primaryimage","url":"https:\/\/dbsmorocco.com\/wp-content\/uploads\/2023\/04\/pexels-photomix-company-518244.jpg","contentUrl":"https:\/\/dbsmorocco.com\/wp-content\/uploads\/2023\/04\/pexels-photomix-company-518244.jpg","width":2560,"height":688},{"@type":"BreadcrumbList","@id":"https:\/\/dbsmorocco.com\/contact-business-setup-morocco-creer-une-entreprise-maroc\/#breadcrumb","itemListElement":[{"@type":"ListItem","position":1,"name":"Home","item":"https:\/\/dbsmorocco.com\/"},{"@type":"ListItem","position":2,"name":"Contact"}]},{"@type":"WebSite","@id":"https:\/\/dbsmorocco.com\/#website","url":"https:\/\/dbsmorocco.com\/","name":"dbsmorocco","description":"DOING BUSINESS STRATEGIES","publisher":{"@id":"https:\/\/dbsmorocco.com\/#organization"},"potentialAction":[{"@type":"SearchAction","target":{"@type":"EntryPoint","urlTemplate":"https:\/\/dbsmorocco.com\/?s={search_term_string}"},"query-input":{"@type":"PropertyValueSpecification","valueRequired":true,"valueName":"search_term_string"}}],"inLanguage":"fr-FR"},{"@type":"Organization","@id":"https:\/\/dbsmorocco.com\/#organization","name":"dbsmorocco","url":"https:\/\/dbsmorocco.com\/","logo":{"@type":"ImageObject","inLanguage":"fr-FR","@id":"https:\/\/dbsmorocco.com\/#\/schema\/logo\/image\/","url":"https:\/\/dbsmorocco.com\/wp-content\/uploads\/2023\/03\/dbs-logo-5-1-1.png","contentUrl":"https:\/\/dbsmorocco.com\/wp-content\/uploads\/2023\/03\/dbs-logo-5-1-1.png","width":865,"height":247,"caption":"dbsmorocco"},"image":{"@id":"https:\/\/dbsmorocco.com\/#\/schema\/logo\/image\/"}}]}},"_links":{"self":[{"href":"https:\/\/dbsmorocco.com\/fr\/wp-json\/wp\/v2\/pages\/83","targetHints":{"allow":["GET"]}}],"collection":[{"href":"https:\/\/dbsmorocco.com\/fr\/wp-json\/wp\/v2\/pages"}],"about":[{"href":"https:\/\/dbsmorocco.com\/fr\/wp-json\/wp\/v2\/types\/page"}],"author":[{"embeddable":true,"href":"https:\/\/dbsmorocco.com\/fr\/wp-json\/wp\/v2\/users\/1"}],"replies":[{"embeddable":true,"href":"https:\/\/dbsmorocco.com\/fr\/wp-json\/wp\/v2\/comments?post=83"}],"version-history":[{"count":12,"href":"https:\/\/dbsmorocco.com\/fr\/wp-json\/wp\/v2\/pages\/83\/revisions"}],"predecessor-version":[{"id":989909,"href":"https:\/\/dbsmorocco.com\/fr\/wp-json\/wp\/v2\/pages\/83\/revisions\/989909"}],"wp:featuredmedia":[{"embeddable":true,"href":"https:\/\/dbsmorocco.com\/fr\/wp-json\/wp\/v2\/media\/6948"}],"wp:attachment":[{"href":"https:\/\/dbsmorocco.com\/fr\/wp-json\/wp\/v2\/media?parent=83"}],"curies":[{"name":"wp","href":"https:\/\/api.w.org\/{rel}","templated":true}]}}