{"id":987878,"date":"2025-10-27T20:44:52","date_gmt":"2025-10-27T20:44:52","guid":{"rendered":"https:\/\/dbsmorocco.com\/new\/?page_id=987878"},"modified":"2026-02-23T11:45:11","modified_gmt":"2026-02-23T11:45:11","slug":"construction-architectural-supervision-and-monitoring","status":"publish","type":"page","link":"https:\/\/dbsmorocco.com\/es\/services\/construction-architectural-supervision-and-monitoring\/","title":{"rendered":"Supervisi\u00f3n y control de la construcci\u00f3n y la arquitectura"},"content":{"rendered":"<div class=\"vgblk-rw-wrapper limit-wrapper\">Services related to FDI Morocco company formation Morocco immobilier investissement Maroc<\/p>\n<h2>Construction &amp; Architectural Supervision and monitoring related to FDI Morocco<\/h2>\n<p><a href=\"https:\/\/dbsmorocco.com\/es\/contact\/\"><br \/>\nSchedule a Free Consultation for FDI Morocco<br \/>\n<\/a><\/p>\n<h3>Construyendo excelencia con supervisi\u00f3n profesional<\/h3>\n<p>At<a href=\"https:\/\/www.instagram.com\/dbsmorocco?igsh=MTFtcXFnZ3E1ZGxxZw==\"> DBS Morocco<\/a>, we oversee your construction and renovation projects from start to finish, ensuring they are completed on time, within budget, and to the highest quality standards. Our expert partners, including architects and civil engineers, provide guidance and monitoring at every stage.<\/p>\n<h3>Gesti\u00f3n de proyectos de construcci\u00f3n<\/h3>\n<p>Ofrecemos una supervisi\u00f3n integral de sus proyectos, coordinando todas las actividades y partes interesadas para garantizar una ejecuci\u00f3n fluida y resultados de m\u00e1xima calidad.<\/p>\n<h3>Cumplimiento presupuestario<\/h3>\n<p>Gestionamos los costes de los proyectos de forma eficaz, realizando un seguimiento de los gastos y evitando sobrecostes, lo que garantiza que su inversi\u00f3n se utilice de manera eficiente.<\/p>\n<h3>Cumplimiento del calendario<\/h3>\n<p>Mantenga los proyectos dentro del plazo previsto mediante una supervisi\u00f3n y gesti\u00f3n proactivas, mitigando los retrasos y garantizando la entrega puntual.<\/p>\n<h3>Control de calidad<\/h3>\n<p>Supervise las normas de construcci\u00f3n, los materiales y la mano de obra para garantizar que cada proyecto cumpla con sus expectativas y los requisitos normativos.<\/p>\n<h3>Coordinaci\u00f3n<\/h3>\n<p>Facilitar la colaboraci\u00f3n entre arquitectos, ingenieros, contratistas y proveedores para garantizar una comunicaci\u00f3n fluida y el avance del proyecto.<\/p>\n<h3>Por qu\u00e9 es importante la construcci\u00f3n supervisada<\/h3>\n<p>Porque los proyectos bien gestionados ahorran tiempo, reducen costes y ofrecen resultados superiores, lo que mejora la reputaci\u00f3n y el \u00e9xito operativo de su empresa.<\/p>\n<p><img fetchpriority=\"high\" decoding=\"async\" src=\"https:\/\/dbsmorocco.com\/wp-content\/uploads\/2023\/03\/Shape-dots-arrow-right.svg\" alt=\"\" width=\"294\" height=\"291\" \/><\/p>\n<h2>As\u00f3ciese con DBS Marruecos para obtener supervisi\u00f3n profesional<\/h2>\n<p>Nuestra supervisi\u00f3n garantiza que sus proyectos de construcci\u00f3n se ejecuten a la perfecci\u00f3n, aprovechando nuestra experiencia, planificaci\u00f3n avanzada y coordinaci\u00f3n precisa para lograr la m\u00e1xima eficiencia.<\/p>\n<h3>Cumplimiento normativo<\/h3>\n<p>Aseg\u00farese de que todas las actividades de construcci\u00f3n cumplan con las leyes locales, las normas de seguridad y los c\u00f3digos de construcci\u00f3n, evitando sanciones y retrasos.<\/p>\n<h3>Gesti\u00f3n de riesgos<\/h3>\n<p>Identifique los riesgos potenciales de forma temprana e implemente medidas preventivas para proteger la inversi\u00f3n y el calendario de su proyecto.<\/p>\n<h3>Informes de progreso<\/h3>\n<p>Reciba actualizaciones detalladas sobre el estado del proyecto, los hitos y los indicadores clave de rendimiento para tomar decisiones informadas.<\/p>\n<h3>Verificaci\u00f3n del dise\u00f1o<\/h3>\n<p>Validar los dise\u00f1os arquitect\u00f3nicos y de ingenier\u00eda para garantizar una implementaci\u00f3n pr\u00e1ctica y una excelencia est\u00e9tica.<\/p>\n<h3>Supervisi\u00f3n de contratistas<\/h3>\n<p>Supervise contractors\u2019 work to maintain quality, enforce deadlines, and manage disputes efficiently.<\/p>\n<h3>Mejora continua<\/h3>\n<p>Despu\u00e9s de cada fase del proyecto, nuestro equipo ofrece informaci\u00f3n y recomendaciones para perfeccionar los procesos y optimizar futuros proyectos de construcci\u00f3n<\/p><\/div>\n<p><!-- .vgblk-rw-wrapper --><\/p>","protected":false},"excerpt":{"rendered":"<p>Aseg\u00farese de que sus proyectos de construcci\u00f3n cumplan con los m\u00e1s altos est\u00e1ndares con DBS Marruecos: control de calidad, gesti\u00f3n presupuestaria, coordinaci\u00f3n de las partes interesadas y entrega puntual garantizados.<\/p>","protected":false},"author":1,"featured_media":0,"parent":465,"menu_order":0,"comment_status":"closed","ping_status":"closed","template":"","meta":{"iawp_total_views":18,"footnotes":""},"class_list":["post-987878","page","type-page","status-publish","hentry"],"yoast_head":"<!-- This site is optimized with the Yoast SEO Premium plugin v26.9 (Yoast SEO v26.6) - https:\/\/yoast.com\/wordpress\/plugins\/seo\/ -->\n<title>immobilier investissement Maroc company formation Morocco FDI Morocco Construction &amp; Architectural Supervision and monitoring - dbsmorocco<\/title>\n<meta name=\"description\" content=\"Start your FDI in Morocco with DBS Morocco. We handle company formation, legal procedures, and strategic guidance for seamless growth. company formation Morocco immobilier investissement Maroc\" \/>\n<meta name=\"robots\" content=\"index, follow, max-snippet:-1, max-image-preview:large, max-video-preview:-1\" \/>\n<link rel=\"canonical\" href=\"https:\/\/dbsmorocco.com\/es\/services\/construction-architectural-supervision-and-monitoring\/\" \/>\n<meta property=\"og:locale\" content=\"es_ES\" \/>\n<meta property=\"og:type\" content=\"article\" \/>\n<meta property=\"og:title\" content=\"immobilier investissement Maroc company formation Morocco FDI Morocco Construction &amp; Architectural Supervision and monitoring - dbsmorocco\" \/>\n<meta property=\"og:description\" content=\"Start your FDI in Morocco with DBS Morocco. We handle company formation, legal procedures, and strategic guidance for seamless growth. company formation Morocco immobilier investissement Maroc\" \/>\n<meta property=\"og:url\" content=\"https:\/\/dbsmorocco.com\/es\/services\/construction-architectural-supervision-and-monitoring\/\" \/>\n<meta property=\"og:site_name\" content=\"dbsmorocco\" \/>\n<meta property=\"article:modified_time\" content=\"2026-02-23T11:45:11+00:00\" \/>\n<meta property=\"og:image\" content=\"https:\/\/dbsmorocco.com\/wp-content\/uploads\/2023\/03\/Shape-dots-arrow-right.svg\" \/>\n<meta name=\"twitter:card\" content=\"summary_large_image\" \/>\n<meta name=\"twitter:label1\" content=\"Tiempo de lectura\" \/>\n\t<meta name=\"twitter:data1\" content=\"2 minutos\" \/>\n<script type=\"application\/ld+json\" class=\"yoast-schema-graph\">{\"@context\":\"https:\/\/schema.org\",\"@graph\":[{\"@type\":\"WebPage\",\"@id\":\"https:\/\/dbsmorocco.com\/services\/construction-architectural-supervision-and-monitoring\/\",\"url\":\"https:\/\/dbsmorocco.com\/services\/construction-architectural-supervision-and-monitoring\/\",\"name\":\"immobilier investissement Maroc company formation Morocco FDI Morocco Construction & Architectural Supervision and monitoring - dbsmorocco\",\"isPartOf\":{\"@id\":\"https:\/\/dbsmorocco.com\/#website\"},\"primaryImageOfPage\":{\"@id\":\"https:\/\/dbsmorocco.com\/services\/construction-architectural-supervision-and-monitoring\/#primaryimage\"},\"image\":{\"@id\":\"https:\/\/dbsmorocco.com\/services\/construction-architectural-supervision-and-monitoring\/#primaryimage\"},\"thumbnailUrl\":\"https:\/\/dbsmorocco.com\/wp-content\/uploads\/2023\/03\/Shape-dots-arrow-right.svg\",\"datePublished\":\"2025-10-27T20:44:52+00:00\",\"dateModified\":\"2026-02-23T11:45:11+00:00\",\"description\":\"Start your FDI in Morocco with DBS Morocco. We handle company formation, legal procedures, and strategic guidance for seamless growth. company formation Morocco immobilier investissement Maroc\",\"breadcrumb\":{\"@id\":\"https:\/\/dbsmorocco.com\/services\/construction-architectural-supervision-and-monitoring\/#breadcrumb\"},\"inLanguage\":\"es\",\"potentialAction\":[{\"@type\":\"ReadAction\",\"target\":[\"https:\/\/dbsmorocco.com\/services\/construction-architectural-supervision-and-monitoring\/\"]}]},{\"@type\":\"ImageObject\",\"inLanguage\":\"es\",\"@id\":\"https:\/\/dbsmorocco.com\/services\/construction-architectural-supervision-and-monitoring\/#primaryimage\",\"url\":\"https:\/\/dbsmorocco.com\/wp-content\/uploads\/2023\/03\/Shape-dots-arrow-right.svg\",\"contentUrl\":\"https:\/\/dbsmorocco.com\/wp-content\/uploads\/2023\/03\/Shape-dots-arrow-right.svg\"},{\"@type\":\"BreadcrumbList\",\"@id\":\"https:\/\/dbsmorocco.com\/services\/construction-architectural-supervision-and-monitoring\/#breadcrumb\",\"itemListElement\":[{\"@type\":\"ListItem\",\"position\":1,\"name\":\"Home\",\"item\":\"https:\/\/dbsmorocco.com\/\"},{\"@type\":\"ListItem\",\"position\":2,\"name\":\"Our Services\",\"item\":\"https:\/\/dbsmorocco.com\/services\/\"},{\"@type\":\"ListItem\",\"position\":3,\"name\":\"Construction &#038; Architectural Supervision and monitoring\"}]},{\"@type\":\"WebSite\",\"@id\":\"https:\/\/dbsmorocco.com\/#website\",\"url\":\"https:\/\/dbsmorocco.com\/\",\"name\":\"dbsmorocco\",\"description\":\"DOING BUSINESS STRATEGIES\",\"publisher\":{\"@id\":\"https:\/\/dbsmorocco.com\/#organization\"},\"potentialAction\":[{\"@type\":\"SearchAction\",\"target\":{\"@type\":\"EntryPoint\",\"urlTemplate\":\"https:\/\/dbsmorocco.com\/?s={search_term_string}\"},\"query-input\":{\"@type\":\"PropertyValueSpecification\",\"valueRequired\":true,\"valueName\":\"search_term_string\"}}],\"inLanguage\":\"es\"},{\"@type\":\"Organization\",\"@id\":\"https:\/\/dbsmorocco.com\/#organization\",\"name\":\"dbsmorocco\",\"url\":\"https:\/\/dbsmorocco.com\/\",\"logo\":{\"@type\":\"ImageObject\",\"inLanguage\":\"es\",\"@id\":\"https:\/\/dbsmorocco.com\/#\/schema\/logo\/image\/\",\"url\":\"https:\/\/dbsmorocco.com\/wp-content\/uploads\/2023\/03\/dbs-logo-5-1-1.png\",\"contentUrl\":\"https:\/\/dbsmorocco.com\/wp-content\/uploads\/2023\/03\/dbs-logo-5-1-1.png\",\"width\":865,\"height\":247,\"caption\":\"dbsmorocco\"},\"image\":{\"@id\":\"https:\/\/dbsmorocco.com\/#\/schema\/logo\/image\/\"}}]}<\/script>\n<!-- \/ Yoast SEO Premium plugin. -->","yoast_head_json":{"title":"immobilier investissement Maroc company formation Morocco FDI Morocco Construction & Architectural Supervision and monitoring - dbsmorocco","description":"Start your FDI in Morocco with DBS Morocco. We handle company formation, legal procedures, and strategic guidance for seamless growth. company formation Morocco immobilier investissement Maroc","robots":{"index":"index","follow":"follow","max-snippet":"max-snippet:-1","max-image-preview":"max-image-preview:large","max-video-preview":"max-video-preview:-1"},"canonical":"https:\/\/dbsmorocco.com\/es\/services\/construction-architectural-supervision-and-monitoring\/","og_locale":"es_ES","og_type":"article","og_title":"immobilier investissement Maroc company formation Morocco FDI Morocco Construction & Architectural Supervision and monitoring - dbsmorocco","og_description":"Start your FDI in Morocco with DBS Morocco. We handle company formation, legal procedures, and strategic guidance for seamless growth. company formation Morocco immobilier investissement Maroc","og_url":"https:\/\/dbsmorocco.com\/es\/services\/construction-architectural-supervision-and-monitoring\/","og_site_name":"dbsmorocco","article_modified_time":"2026-02-23T11:45:11+00:00","og_image":[{"url":"https:\/\/dbsmorocco.com\/wp-content\/uploads\/2023\/03\/Shape-dots-arrow-right.svg","type":"","width":"","height":""}],"twitter_card":"summary_large_image","twitter_misc":{"Tiempo de lectura":"2 minutos"},"schema":{"@context":"https:\/\/schema.org","@graph":[{"@type":"WebPage","@id":"https:\/\/dbsmorocco.com\/services\/construction-architectural-supervision-and-monitoring\/","url":"https:\/\/dbsmorocco.com\/services\/construction-architectural-supervision-and-monitoring\/","name":"immobilier investissement Maroc company formation Morocco FDI Morocco Construction & Architectural Supervision and monitoring - dbsmorocco","isPartOf":{"@id":"https:\/\/dbsmorocco.com\/#website"},"primaryImageOfPage":{"@id":"https:\/\/dbsmorocco.com\/services\/construction-architectural-supervision-and-monitoring\/#primaryimage"},"image":{"@id":"https:\/\/dbsmorocco.com\/services\/construction-architectural-supervision-and-monitoring\/#primaryimage"},"thumbnailUrl":"https:\/\/dbsmorocco.com\/wp-content\/uploads\/2023\/03\/Shape-dots-arrow-right.svg","datePublished":"2025-10-27T20:44:52+00:00","dateModified":"2026-02-23T11:45:11+00:00","description":"Start your FDI in Morocco with DBS Morocco. We handle company formation, legal procedures, and strategic guidance for seamless growth. company formation Morocco immobilier investissement Maroc","breadcrumb":{"@id":"https:\/\/dbsmorocco.com\/services\/construction-architectural-supervision-and-monitoring\/#breadcrumb"},"inLanguage":"es","potentialAction":[{"@type":"ReadAction","target":["https:\/\/dbsmorocco.com\/services\/construction-architectural-supervision-and-monitoring\/"]}]},{"@type":"ImageObject","inLanguage":"es","@id":"https:\/\/dbsmorocco.com\/services\/construction-architectural-supervision-and-monitoring\/#primaryimage","url":"https:\/\/dbsmorocco.com\/wp-content\/uploads\/2023\/03\/Shape-dots-arrow-right.svg","contentUrl":"https:\/\/dbsmorocco.com\/wp-content\/uploads\/2023\/03\/Shape-dots-arrow-right.svg"},{"@type":"BreadcrumbList","@id":"https:\/\/dbsmorocco.com\/services\/construction-architectural-supervision-and-monitoring\/#breadcrumb","itemListElement":[{"@type":"ListItem","position":1,"name":"Home","item":"https:\/\/dbsmorocco.com\/"},{"@type":"ListItem","position":2,"name":"Our Services","item":"https:\/\/dbsmorocco.com\/services\/"},{"@type":"ListItem","position":3,"name":"Construction &#038; Architectural Supervision and monitoring"}]},{"@type":"WebSite","@id":"https:\/\/dbsmorocco.com\/#website","url":"https:\/\/dbsmorocco.com\/","name":"dbsmorocco","description":"DOING BUSINESS STRATEGIES","publisher":{"@id":"https:\/\/dbsmorocco.com\/#organization"},"potentialAction":[{"@type":"SearchAction","target":{"@type":"EntryPoint","urlTemplate":"https:\/\/dbsmorocco.com\/?s={search_term_string}"},"query-input":{"@type":"PropertyValueSpecification","valueRequired":true,"valueName":"search_term_string"}}],"inLanguage":"es"},{"@type":"Organization","@id":"https:\/\/dbsmorocco.com\/#organization","name":"dbsmorocco","url":"https:\/\/dbsmorocco.com\/","logo":{"@type":"ImageObject","inLanguage":"es","@id":"https:\/\/dbsmorocco.com\/#\/schema\/logo\/image\/","url":"https:\/\/dbsmorocco.com\/wp-content\/uploads\/2023\/03\/dbs-logo-5-1-1.png","contentUrl":"https:\/\/dbsmorocco.com\/wp-content\/uploads\/2023\/03\/dbs-logo-5-1-1.png","width":865,"height":247,"caption":"dbsmorocco"},"image":{"@id":"https:\/\/dbsmorocco.com\/#\/schema\/logo\/image\/"}}]}},"_links":{"self":[{"href":"https:\/\/dbsmorocco.com\/es\/wp-json\/wp\/v2\/pages\/987878","targetHints":{"allow":["GET"]}}],"collection":[{"href":"https:\/\/dbsmorocco.com\/es\/wp-json\/wp\/v2\/pages"}],"about":[{"href":"https:\/\/dbsmorocco.com\/es\/wp-json\/wp\/v2\/types\/page"}],"author":[{"embeddable":true,"href":"https:\/\/dbsmorocco.com\/es\/wp-json\/wp\/v2\/users\/1"}],"replies":[{"embeddable":true,"href":"https:\/\/dbsmorocco.com\/es\/wp-json\/wp\/v2\/comments?post=987878"}],"version-history":[{"count":19,"href":"https:\/\/dbsmorocco.com\/es\/wp-json\/wp\/v2\/pages\/987878\/revisions"}],"predecessor-version":[{"id":989923,"href":"https:\/\/dbsmorocco.com\/es\/wp-json\/wp\/v2\/pages\/987878\/revisions\/989923"}],"up":[{"embeddable":true,"href":"https:\/\/dbsmorocco.com\/es\/wp-json\/wp\/v2\/pages\/465"}],"wp:attachment":[{"href":"https:\/\/dbsmorocco.com\/es\/wp-json\/wp\/v2\/media?parent=987878"}],"curies":[{"name":"wp","href":"https:\/\/api.w.org\/{rel}","templated":true}]}}